{"id":3558,"date":"2022-07-11T20:48:24","date_gmt":"2022-07-11T18:48:24","guid":{"rendered":"https:\/\/jarnac-champagne.fr\/\/\/?page_id=3558"},"modified":"2022-07-11T20:52:25","modified_gmt":"2022-07-11T18:52:25","slug":"ecole-maternelle-de-celles","status":"publish","type":"page","link":"https:\/\/jarnac-champagne.fr\/index.php\/rpi-celles-lonzac-jarnac-champagne\/ecole-maternelle-de-celles\/","title":{"rendered":"Ecole maternelle de Celles"},"content":{"rendered":"\n<p>Ce label, d\u00e9cern\u00e9 pour 3 ans, r\u00e9compense le travail au jardin et le projet p\u00e9dagogique qui le sous-tend depuis 15 ans.C&rsquo;est un label tr\u00e8s important car c&rsquo;est une reconnaissance du Minist\u00e8re de l&rsquo;Education Nationale (le label Jardin remarquable \u00e9tant d\u00e9cern\u00e9 par le Minist\u00e8re de la Culture).<\/p>\n\n\n\n<p>Ce label a 3 niveaux : engag\u00e9, confirm\u00e9 ou expert. En g\u00e9n\u00e9ral on gravit les 3 \u00e9chelons l&rsquo;un apr\u00e8s l&rsquo;autre. Nous avons eu la chance d&rsquo;obtenir directement le niveau expert. C&rsquo;est la premi\u00e8re fois que cela arrive. Seuls deux jardins en Poitou-Charentes en ont obtenu ce label cette ann\u00e9e (l&rsquo;autre \u00e9cole \u00e9tait en niveau engag\u00e9).<\/p>\n\n\n<a href=\"https:\/\/jarnac-champagne.fr\/\/\/wp-content\/uploads\/2022\/07\/ce.0170866z@ac-poitiers.fr_20220705_104153.pdf\" class=\"pdfemb-viewer\" style=\"\" data-width=\"max\" data-height=\"max\" data-toolbar=\"bottom\" data-toolbar-fixed=\"off\">ce.0170866z@ac-poitiers.fr_20220705_104153<\/a>\n<p class=\"wp-block-pdfemb-pdf-embedder-viewer\"><\/p>\n","protected":false},"excerpt":{"rendered":"<p>Ce label, d\u00e9cern\u00e9 pour 3 ans, r\u00e9compense le travail au jardin et le projet p\u00e9dagogique qui le sous-tend depuis 15<\/p>\n","protected":false},"author":1,"featured_media":0,"parent":2249,"menu_order":0,"comment_status":"closed","ping_status":"closed","template":"","meta":{"colormag_page_container_layout":"default_layout","colormag_page_sidebar_layout":"default_layout","footnotes":""},"class_list":["post-3558","page","type-page","status-publish","hentry"],"_links":{"self":[{"href":"https:\/\/jarnac-champagne.fr\/index.php\/wp-json\/wp\/v2\/pages\/3558","targetHints":{"allow":["GET"]}}],"collection":[{"href":"https:\/\/jarnac-champagne.fr\/index.php\/wp-json\/wp\/v2\/pages"}],"about":[{"href":"https:\/\/jarnac-champagne.fr\/index.php\/wp-json\/wp\/v2\/types\/page"}],"author":[{"embeddable":true,"href":"https:\/\/jarnac-champagne.fr\/index.php\/wp-json\/wp\/v2\/users\/1"}],"replies":[{"embeddable":true,"href":"https:\/\/jarnac-champagne.fr\/index.php\/wp-json\/wp\/v2\/comments?post=3558"}],"version-history":[{"count":2,"href":"https:\/\/jarnac-champagne.fr\/index.php\/wp-json\/wp\/v2\/pages\/3558\/revisions"}],"predecessor-version":[{"id":3562,"href":"https:\/\/jarnac-champagne.fr\/index.php\/wp-json\/wp\/v2\/pages\/3558\/revisions\/3562"}],"up":[{"embeddable":true,"href":"https:\/\/jarnac-champagne.fr\/index.php\/wp-json\/wp\/v2\/pages\/2249"}],"wp:attachment":[{"href":"https:\/\/jarnac-champagne.fr\/index.php\/wp-json\/wp\/v2\/media?parent=3558"}],"curies":[{"name":"wp","href":"https:\/\/api.w.org\/{rel}","templated":true}]}}