{"id":5142,"date":"2023-09-13T18:55:18","date_gmt":"2023-09-13T16:55:18","guid":{"rendered":"https:\/\/jarnac-champagne.fr\/\/\/?page_id=5142"},"modified":"2023-09-13T18:55:20","modified_gmt":"2023-09-13T16:55:20","slug":"les-petites-mains-creatives","status":"publish","type":"page","link":"https:\/\/jarnac-champagne.fr\/index.php\/sports-et-loisirs\/les-petites-mains-creatives\/","title":{"rendered":"Les Petites Mains Cr\u00e9atives"},"content":{"rendered":"\n<p><strong><mark style=\"background-color:rgba(0, 0, 0, 0)\" class=\"has-inline-color has-luminous-vivid-orange-color\">L&rsquo;association \u00ab\u00a0Les Petites Mains Cr\u00e9atives\u00a0\u00bb <\/mark><\/strong><\/p>\n\n\n\n<p><strong><mark style=\"background-color:rgba(0, 0, 0, 0)\" class=\"has-inline-color has-luminous-vivid-orange-color\">\ud83d\uddd3 MARDI de 20h \u00e0 22h <\/mark><mark style=\"background-color:rgba(0, 0, 0, 0)\" class=\"has-inline-color has-vivid-green-cyan-color\">&#8211; S<\/mark><mark style=\"background-color:rgba(0, 0, 0, 0)\" class=\"has-inline-color has-vivid-green-cyan-color\">alle annexe de la Mairie), portail blanc c\u00f4t\u00e9 salle polyvalente.<\/mark><\/strong><\/p>\n\n\n\n<p>Vous pourrez vous adonner aux loisirs cr\u00e9atifs dans une bonne ambiance et en toute convivialit\u00e9.<\/p>\n\n\n\n<p><strong><mark style=\"background-color:rgba(0, 0, 0, 0)\" class=\"has-inline-color has-vivid-cyan-blue-color\">Pr\u00e9sidente : Lucette QUINAUD<\/mark><\/strong> &#8211; <strong><mark style=\"background-color:rgba(0, 0, 0, 0)\" class=\"has-inline-color has-vivid-cyan-blue-color\">06 76 27 74 57<\/mark><\/strong><\/p>\n","protected":false},"excerpt":{"rendered":"<p>L&rsquo;association \u00ab\u00a0Les Petites Mains Cr\u00e9atives\u00a0\u00bb \ud83d\uddd3 MARDI de 20h \u00e0 22h &#8211; Salle annexe de la Mairie), portail blanc c\u00f4t\u00e9<\/p>\n","protected":false},"author":1,"featured_media":0,"parent":312,"menu_order":0,"comment_status":"closed","ping_status":"closed","template":"","meta":{"colormag_page_container_layout":"default_layout","colormag_page_sidebar_layout":"default_layout","footnotes":""},"class_list":["post-5142","page","type-page","status-publish","hentry"],"_links":{"self":[{"href":"https:\/\/jarnac-champagne.fr\/index.php\/wp-json\/wp\/v2\/pages\/5142","targetHints":{"allow":["GET"]}}],"collection":[{"href":"https:\/\/jarnac-champagne.fr\/index.php\/wp-json\/wp\/v2\/pages"}],"about":[{"href":"https:\/\/jarnac-champagne.fr\/index.php\/wp-json\/wp\/v2\/types\/page"}],"author":[{"embeddable":true,"href":"https:\/\/jarnac-champagne.fr\/index.php\/wp-json\/wp\/v2\/users\/1"}],"replies":[{"embeddable":true,"href":"https:\/\/jarnac-champagne.fr\/index.php\/wp-json\/wp\/v2\/comments?post=5142"}],"version-history":[{"count":1,"href":"https:\/\/jarnac-champagne.fr\/index.php\/wp-json\/wp\/v2\/pages\/5142\/revisions"}],"predecessor-version":[{"id":5143,"href":"https:\/\/jarnac-champagne.fr\/index.php\/wp-json\/wp\/v2\/pages\/5142\/revisions\/5143"}],"up":[{"embeddable":true,"href":"https:\/\/jarnac-champagne.fr\/index.php\/wp-json\/wp\/v2\/pages\/312"}],"wp:attachment":[{"href":"https:\/\/jarnac-champagne.fr\/index.php\/wp-json\/wp\/v2\/media?parent=5142"}],"curies":[{"name":"wp","href":"https:\/\/api.w.org\/{rel}","templated":true}]}}