{"id":5302,"date":"2023-11-12T19:54:54","date_gmt":"2023-11-12T18:54:54","guid":{"rendered":"https:\/\/jarnac-champagne.fr\/\/\/?page_id=5302"},"modified":"2023-11-13T19:26:18","modified_gmt":"2023-11-13T18:26:18","slug":"le-compostage-pour-tous","status":"publish","type":"page","link":"https:\/\/jarnac-champagne.fr\/index.php\/vie-pratique\/gestion-des-dechets\/le-compostage-pour-tous\/","title":{"rendered":"Le compostage pour tous"},"content":{"rendered":"\n<p>Avec la loi AGEC (Anti-Gaspillage pour une Economie Circulaire), le tri \u00e0 la source des biod\u00e9chets arrive en 2024.&nbsp;<\/p>\n\n\n\n<p><strong><mark style=\"background-color:rgba(0, 0, 0, 0)\" class=\"has-inline-color has-luminous-vivid-orange-color\">A partir de janvier 2024, chaque administr\u00e9 devra s\u00e9parer ses&nbsp;biod\u00e9chets&nbsp;du reste de ses ordures m\u00e9nag\u00e8res r\u00e9siduelles contenues dans le sac noir.<\/mark><\/strong><\/p>\n\n\n\n<p>Pour ce faire, la CDCHS, comp\u00e9tente en mati\u00e8re de gestion des d\u00e9chets, vous propose la solution de&nbsp;<strong>compostage pour tous.<\/strong><\/p>\n\n\n\n<figure class=\"wp-block-image size-large\"><img loading=\"lazy\" decoding=\"async\" width=\"724\" height=\"1024\" src=\"https:\/\/jarnac-champagne.fr\/\/\/wp-content\/uploads\/2023\/11\/A4-Compost-RVB-1-724x1024.jpg\" alt=\"\" class=\"wp-image-5310\" srcset=\"https:\/\/jarnac-champagne.fr\/wp-content\/uploads\/2023\/11\/A4-Compost-RVB-1-724x1024.jpg 724w, https:\/\/jarnac-champagne.fr\/wp-content\/uploads\/2023\/11\/A4-Compost-RVB-1-212x300.jpg 212w, https:\/\/jarnac-champagne.fr\/wp-content\/uploads\/2023\/11\/A4-Compost-RVB-1-768x1086.jpg 768w, https:\/\/jarnac-champagne.fr\/wp-content\/uploads\/2023\/11\/A4-Compost-RVB-1-1086x1536.jpg 1086w, https:\/\/jarnac-champagne.fr\/wp-content\/uploads\/2023\/11\/A4-Compost-RVB-1-1448x2048.jpg 1448w, https:\/\/jarnac-champagne.fr\/wp-content\/uploads\/2023\/11\/A4-Compost-RVB-1-1320x1867.jpg 1320w, https:\/\/jarnac-champagne.fr\/wp-content\/uploads\/2023\/11\/A4-Compost-RVB-1-scaled.jpg 1810w\" sizes=\"auto, (max-width: 724px) 100vw, 724px\" \/><\/figure>\n\n\n<a href=\"https:\/\/jarnac-champagne.fr\/\/\/wp-content\/uploads\/2023\/10\/recettecompost_print.pdf\" class=\"pdfemb-viewer\" style=\"\" data-width=\"max\" data-height=\"max\" data-toolbar=\"bottom\" data-toolbar-fixed=\"off\">recettecompost_print<\/a>\n<p class=\"wp-block-pdfemb-pdf-embedder-viewer\"><\/p>\n","protected":false},"excerpt":{"rendered":"<p>Avec la loi AGEC (Anti-Gaspillage pour une Economie Circulaire), le tri \u00e0 la source des biod\u00e9chets arrive en 2024.&nbsp; A<\/p>\n","protected":false},"author":1,"featured_media":0,"parent":4219,"menu_order":0,"comment_status":"closed","ping_status":"closed","template":"","meta":{"colormag_page_container_layout":"default_layout","colormag_page_sidebar_layout":"default_layout","footnotes":""},"class_list":["post-5302","page","type-page","status-publish","hentry"],"_links":{"self":[{"href":"https:\/\/jarnac-champagne.fr\/index.php\/wp-json\/wp\/v2\/pages\/5302","targetHints":{"allow":["GET"]}}],"collection":[{"href":"https:\/\/jarnac-champagne.fr\/index.php\/wp-json\/wp\/v2\/pages"}],"about":[{"href":"https:\/\/jarnac-champagne.fr\/index.php\/wp-json\/wp\/v2\/types\/page"}],"author":[{"embeddable":true,"href":"https:\/\/jarnac-champagne.fr\/index.php\/wp-json\/wp\/v2\/users\/1"}],"replies":[{"embeddable":true,"href":"https:\/\/jarnac-champagne.fr\/index.php\/wp-json\/wp\/v2\/comments?post=5302"}],"version-history":[{"count":4,"href":"https:\/\/jarnac-champagne.fr\/index.php\/wp-json\/wp\/v2\/pages\/5302\/revisions"}],"predecessor-version":[{"id":5311,"href":"https:\/\/jarnac-champagne.fr\/index.php\/wp-json\/wp\/v2\/pages\/5302\/revisions\/5311"}],"up":[{"embeddable":true,"href":"https:\/\/jarnac-champagne.fr\/index.php\/wp-json\/wp\/v2\/pages\/4219"}],"wp:attachment":[{"href":"https:\/\/jarnac-champagne.fr\/index.php\/wp-json\/wp\/v2\/media?parent=5302"}],"curies":[{"name":"wp","href":"https:\/\/api.w.org\/{rel}","templated":true}]}}