{"id":710,"date":"2021-08-31T22:19:10","date_gmt":"2021-08-31T20:19:10","guid":{"rendered":"https:\/\/jarnac-champagne.fr\/\/\/?page_id=710"},"modified":"2023-08-31T21:53:54","modified_gmt":"2023-08-31T19:53:54","slug":"tennis-club-jarnac-champagne","status":"publish","type":"page","link":"https:\/\/jarnac-champagne.fr\/index.php\/sports-et-loisirs\/tennis-club-jarnac-champagne\/","title":{"rendered":"Tennis Club Jarnac-Champagne"},"content":{"rendered":"\n<figure class=\"wp-block-image aligncenter size-medium\"><img loading=\"lazy\" decoding=\"async\" width=\"300\" height=\"225\" src=\"https:\/\/jarnac-champagne.fr\/\/\/wp-content\/uploads\/2020\/02\/Tennis-300x225.jpg\" alt=\"\" class=\"wp-image-106\" srcset=\"https:\/\/jarnac-champagne.fr\/wp-content\/uploads\/2020\/02\/Tennis-300x225.jpg 300w, https:\/\/jarnac-champagne.fr\/wp-content\/uploads\/2020\/02\/Tennis-1024x768.jpg 1024w, https:\/\/jarnac-champagne.fr\/wp-content\/uploads\/2020\/02\/Tennis-768x576.jpg 768w, https:\/\/jarnac-champagne.fr\/wp-content\/uploads\/2020\/02\/Tennis-1536x1152.jpg 1536w, https:\/\/jarnac-champagne.fr\/wp-content\/uploads\/2020\/02\/Tennis.jpg 1632w\" sizes=\"auto, (max-width: 300px) 100vw, 300px\" \/><\/figure>\n\n\n\n<p>Cours dispens\u00e9s par des moniteurs dipl\u00f4m\u00e9s pour jeunes (\u00e0 partir de 4 ans) et adultes.<\/p>\n\n\n\n<p class=\"has-vivid-green-cyan-color has-text-color\"><strong>Pr\u00e9sident : Nicolas MANTEAU<\/strong><\/p>\n\n\n\n<p>@ <strong><span style=\"background-color:rgba(0, 0, 0, 0)\" class=\"has-inline-color has-vivid-cyan-blue-color\">tennisjarnacchampagne@gmail.com<\/span><\/strong><\/p>\n\n\n\n<p>Toute l&rsquo;actualit\u00e9 du club et les r\u00e9sultats sur Facebook :<\/p>\n\n\n\n<ul class=\"wp-block-social-links is-layout-flex wp-block-social-links-is-layout-flex\"><li class=\"wp-social-link wp-social-link-facebook  wp-block-social-link\"><a href=\"https:\/\/www.facebook.com\/groups\/1884023585285378\/user\/100089365069492\/\" class=\"wp-block-social-link-anchor\"><svg width=\"24\" height=\"24\" viewBox=\"0 0 24 24\" version=\"1.1\" xmlns=\"http:\/\/www.w3.org\/2000\/svg\" aria-hidden=\"true\" focusable=\"false\"><path d=\"M12 2C6.5 2 2 6.5 2 12c0 5 3.7 9.1 8.4 9.9v-7H7.9V12h2.5V9.8c0-2.5 1.5-3.9 3.8-3.9 1.1 0 2.2.2 2.2.2v2.5h-1.3c-1.2 0-1.6.8-1.6 1.6V12h2.8l-.4 2.9h-2.3v7C18.3 21.1 22 17 22 12c0-5.5-4.5-10-10-10z\"><\/path><\/svg><span class=\"wp-block-social-link-label screen-reader-text\">Facebook<\/span><\/a><\/li><\/ul>\n","protected":false},"excerpt":{"rendered":"<p>Cours dispens\u00e9s par des moniteurs dipl\u00f4m\u00e9s pour jeunes (\u00e0 partir de 4 ans) et adultes. Pr\u00e9sident : Nicolas MANTEAU @<\/p>\n","protected":false},"author":1,"featured_media":0,"parent":312,"menu_order":0,"comment_status":"closed","ping_status":"closed","template":"","meta":{"colormag_page_container_layout":"default_layout","colormag_page_sidebar_layout":"default_layout","footnotes":""},"class_list":["post-710","page","type-page","status-publish","hentry"],"_links":{"self":[{"href":"https:\/\/jarnac-champagne.fr\/index.php\/wp-json\/wp\/v2\/pages\/710","targetHints":{"allow":["GET"]}}],"collection":[{"href":"https:\/\/jarnac-champagne.fr\/index.php\/wp-json\/wp\/v2\/pages"}],"about":[{"href":"https:\/\/jarnac-champagne.fr\/index.php\/wp-json\/wp\/v2\/types\/page"}],"author":[{"embeddable":true,"href":"https:\/\/jarnac-champagne.fr\/index.php\/wp-json\/wp\/v2\/users\/1"}],"replies":[{"embeddable":true,"href":"https:\/\/jarnac-champagne.fr\/index.php\/wp-json\/wp\/v2\/comments?post=710"}],"version-history":[{"count":6,"href":"https:\/\/jarnac-champagne.fr\/index.php\/wp-json\/wp\/v2\/pages\/710\/revisions"}],"predecessor-version":[{"id":5089,"href":"https:\/\/jarnac-champagne.fr\/index.php\/wp-json\/wp\/v2\/pages\/710\/revisions\/5089"}],"up":[{"embeddable":true,"href":"https:\/\/jarnac-champagne.fr\/index.php\/wp-json\/wp\/v2\/pages\/312"}],"wp:attachment":[{"href":"https:\/\/jarnac-champagne.fr\/index.php\/wp-json\/wp\/v2\/media?parent=710"}],"curies":[{"name":"wp","href":"https:\/\/api.w.org\/{rel}","templated":true}]}}